{"id":399,"date":"2017-11-06T14:43:17","date_gmt":"2017-11-06T14:43:17","guid":{"rendered":"http:\/\/dev.starkup.ee\/curioweb\/?page_id=399"},"modified":"2018-04-06T14:51:43","modified_gmt":"2018-04-06T14:51:43","slug":"about","status":"publish","type":"page","link":"https:\/\/curio.is\/en\/about\/","title":{"rendered":"About"},"content":{"rendered":"<div class=\"row\"  id=\"row-1712994275\">\n\n\t<div id=\"col-627529957\" class=\"col small-12 large-12\"  >\n\t\t\t\t<div class=\"col-inner\"  >\n\t\t\t\n\t\t\t\n<h2 class=\"page-title\">Curio History<\/h2>\n<p><img decoding=\"async\" loading=\"lazy\" class=\"alignright wp-image-207\" src=\"https:\/\/curio.is\/wp-content\/uploads\/velaruppkast.png\" alt=\"\" width=\"200\" height=\"195\" srcset=\"https:\/\/curio.is\/wp-content\/uploads\/velaruppkast.png 365w, https:\/\/curio.is\/wp-content\/uploads\/velaruppkast-300x293.png 300w\" sizes=\"(max-width: 200px) 100vw, 200px\" \/>Founded in 1994, Curio started out in traditional machine production, but in recent years we have focused on seafood processing machines for heading, filleting, skinning and sharpening. In 2008, our new line of machines for seafood processing was introduced and it instantly became a success when we finalized our first header midway through 2008. Later that summer we produced our first skinning machine and before the end of the year we had received a total of 14 orders for skinning machines. During 2008-2012 our production capacity was 3-4 machines per year, but following the transition to our current location the capacity increased up to 12-24 machines per year.<\/p>\n<p>Our Curio technicians and designers carry on a constant and ongoing development regarding the lifetime, usage and speed of our seafood processing machines. It should therefore come as no surprise that the Curio machines is known for good usage and their reputation continues to rise. We are ambitious regarding our standard of service and we provide a full range stock of all spare parts at all times.<\/p>\n\t\t<\/div>\n\t\t\t\t\t<\/div>\n\n\t\n\n<style>\n#row-1712994275 > .col > .col-inner {\n  padding: 45px 0px 0px 0px;\n}\n<\/style>\n<\/div>\n<div class=\"row\"  id=\"row-809400237\">\n\n\t<div id=\"col-1518760758\" class=\"col small-12 large-12\"  >\n\t\t\t\t<div class=\"col-inner\"  >\n\t\t\t\n\t\t\t\n<h2 class=\"page-title\">Production<\/h2>\n<p>Curio produces five different machines that have excellent reputation for good use in recent years. The machines handle heading, filleting, skinning and sharpening and they can of course be set for numerous different seafood species.<br \/>\nThe machines are produced by first using laser technique and then welding the parts together. We remove every bit of grease from the welded machine parts in our specialized washing facilities, allow them to dry and spray them with fluoric acid. This produces an even and matte surface. To kill the fluoric acid and remove it we use a weak solution of hydrofluoric acid, and to remove and kill the hydrofluoric acid we apply a strong soda soap.<\/p>\n<p>This treatment produces a surface that is very resilient against corrosion. The final touch involves applying a special nutritient lotion to the machine parts that penetratres the steel and seal it off completely.<\/p>\n\t\t<\/div>\n\t\t\t\t\t<\/div>\n\n\t\n\n<style>\n#row-809400237 > .col > .col-inner {\n  padding: 45px 0px 0px 0px;\n}\n<\/style>\n<\/div>\n<div class=\"row\"  id=\"row-544712591\">\n\n\t<div id=\"col-188390948\" class=\"col location-row small-12 large-12\"  >\n\t\t\t\t<div class=\"col-inner text-center\"  >\n\t\t\t\n\t\t\t\n\n\t\t<div class=\"tabbed-content\">\n\t\t\t\n\t\t\t<ul class=\"nav nav-line nav-normal nav-size-xlarge nav-right\" role=\"tablist\"><li id=\"tab-eyrartr\u00f6\u00f0-4<br-\/>-hafnarfir\u00f0i\" class=\"tab active has-icon\" role=\"presentation\"><a href=\"#tab_eyrartr\u00f6\u00f0-4<br-\/>-hafnarfir\u00f0i\" role=\"tab\" aria-selected=\"true\" aria-controls=\"tab_eyrartr\u00f6\u00f0-4<br-\/>-hafnarfir\u00f0i\"><span>Eyrartr\u00f6\u00f0 4<br \/>\nHafnarfir\u00f0i<\/span><\/a><\/li>\n<li id=\"tab-eyrartr\u00f6\u00f0-14<br-\/>-hafnarfir\u00f0i\" class=\"tab has-icon\" role=\"presentation\"><a href=\"#tab_eyrartr\u00f6\u00f0-14<br-\/>-hafnarfir\u00f0i\" tabindex=\"-1\" role=\"tab\" aria-selected=\"false\" aria-controls=\"tab_eyrartr\u00f6\u00f0-14<br-\/>-hafnarfir\u00f0i\"><span>Eyrartr\u00f6\u00f0 14<br \/>\nHafnarfir\u00f0i<\/span><\/a><\/li>\n<li id=\"tab-h\u00f6f\u00f0i-9<br-\/>-h\u00fasav\u00edk\" class=\"tab has-icon\" role=\"presentation\"><a href=\"#tab_h\u00f6f\u00f0i-9<br-\/>-h\u00fasav\u00edk\" tabindex=\"-1\" role=\"tab\" aria-selected=\"false\" aria-controls=\"tab_h\u00f6f\u00f0i-9<br-\/>-h\u00fasav\u00edk\"><span>H\u00f6f\u00f0i 9<br \/>\nH\u00fasav\u00edk<\/span><\/a><\/li><\/ul><div class=\"tab-panels\"><div id=\"tab_eyrartr\u00f6\u00f0-4<br-\/>-hafnarfir\u00f0i\" class=\"panel active entry-content\" role=\"tabpanel\" aria-labelledby=\"tab-eyrartr\u00f6\u00f0-4<br-\/>-hafnarfir\u00f0i\">\n<div class=\"row\"  id=\"row-1835591755\">\n\n\t<div id=\"col-675095138\" class=\"col medium-6 small-12 large-6\"  >\n\t\t\t\t<div class=\"col-inner\"  >\n\t\t\t\n\t\t\t\n\t<div class=\"img has-hover x md-x lg-x y md-y lg-y\" id=\"image_95358152\">\n\t\t\t\t\t\t\t\t<div class=\"img-inner dark\" >\n\t\t\t<img width=\"4032\" height=\"2185\" src=\"https:\/\/curio.is\/wp-content\/uploads\/Curio_hu\u0301s_nyttSmall.jpg\" class=\"attachment-original size-original\" alt=\"\" decoding=\"async\" loading=\"lazy\" srcset=\"https:\/\/curio.is\/wp-content\/uploads\/Curio_hu\u0301s_nyttSmall.jpg 4032w, https:\/\/curio.is\/wp-content\/uploads\/Curio_hu\u0301s_nyttSmall-700x379.jpg 700w\" sizes=\"(max-width: 4032px) 100vw, 4032px\" \/>\t\t\t\t\t\t\n\t\t\t\t\t<\/div>\n\t\t\t\t\t\t\t\t\n<style>\n#image_95358152 {\n  width: 100%;\n}\n<\/style>\n\t<\/div>\n\t\n\t\t<\/div>\n\t\t\t\t\t<\/div>\n\n\t\n\n\t<div id=\"col-1485632873\" class=\"col medium-6 small-12 large-6\"  >\n\t\t\t\t<div class=\"col-inner\"  >\n\t\t\t\n\t\t\t\n<p style=\"text-align: left;\">Curio has operated at Eyrartrod 4 in Hafnarfjordur, Iceland since 2011. Curio is also located on Eyrartrod 14 in Hafnarfjordur and in Husavik in North Iceland.<\/p>\n\t\t<\/div>\n\t\t\t\t\t<\/div>\n\n\t\n<\/div>\n<\/div>\n<div id=\"tab_eyrartr\u00f6\u00f0-14<br-\/>-hafnarfir\u00f0i\" class=\"panel entry-content\" role=\"tabpanel\" aria-labelledby=\"tab-eyrartr\u00f6\u00f0-14<br-\/>-hafnarfir\u00f0i\">\n<div class=\"row\"  id=\"row-1474954145\">\n\n\t<div id=\"col-659226093\" class=\"col medium-6 small-12 large-6\"  >\n\t\t\t\t<div class=\"col-inner\"  >\n\t\t\t\n\t\t\t\n\t<div class=\"img has-hover x md-x lg-x y md-y lg-y\" id=\"image_1394304333\">\n\t\t\t\t\t\t\t\t<div class=\"img-inner dark\" >\n\t\t\t<img width=\"4032\" height=\"2185\" src=\"https:\/\/curio.is\/wp-content\/uploads\/Curio_hu\u0301s_14Small.jpg\" class=\"attachment-original size-original\" alt=\"\" decoding=\"async\" loading=\"lazy\" srcset=\"https:\/\/curio.is\/wp-content\/uploads\/Curio_hu\u0301s_14Small.jpg 4032w, https:\/\/curio.is\/wp-content\/uploads\/Curio_hu\u0301s_14Small-700x379.jpg 700w\" sizes=\"(max-width: 4032px) 100vw, 4032px\" \/>\t\t\t\t\t\t\n\t\t\t\t\t<\/div>\n\t\t\t\t\t\t\t\t\n<style>\n#image_1394304333 {\n  width: 100%;\n}\n<\/style>\n\t<\/div>\n\t\n\t\t<\/div>\n\t\t\t\t\t<\/div>\n\n\t\n\n\t<div id=\"col-1317937760\" class=\"col medium-6 small-12 large-6\"  >\n\t\t\t\t<div class=\"col-inner\"  >\n\t\t\t\n\t\t\t\n<p style=\"text-align: left;\">Eyrartrod 14 is a part of the Installation machine department. Some of the spare parts for electric are also kept here in stock. Curio technical design departments is located in this building and more.<\/p>\n\t\t<\/div>\n\t\t\t\t\t<\/div>\n\n\t\n<\/div>\n<\/div>\n<div id=\"tab_h\u00f6f\u00f0i-9<br-\/>-h\u00fasav\u00edk\" class=\"panel entry-content\" role=\"tabpanel\" aria-labelledby=\"tab-h\u00f6f\u00f0i-9<br-\/>-h\u00fasav\u00edk\">\n<div class=\"row\"  id=\"row-1825915987\">\n\n\t<div id=\"col-1769670220\" class=\"col medium-6 small-12 large-6\"  >\n\t\t\t\t<div class=\"col-inner\"  >\n\t\t\t\n\t\t\t\n\t<div class=\"img has-hover x md-x lg-x y md-y lg-y\" id=\"image_452798503\">\n\t\t\t\t\t\t\t\t<div class=\"img-inner dark\" >\n\t\t\t<img width=\"4032\" height=\"2185\" src=\"https:\/\/curio.is\/wp-content\/uploads\/Curio_hu\u0301s_ho\u0308fdaSmall.jpg\" class=\"attachment-original size-original\" alt=\"\" decoding=\"async\" loading=\"lazy\" srcset=\"https:\/\/curio.is\/wp-content\/uploads\/Curio_hu\u0301s_ho\u0308fdaSmall.jpg 4032w, https:\/\/curio.is\/wp-content\/uploads\/Curio_hu\u0301s_ho\u0308fdaSmall-700x379.jpg 700w\" sizes=\"(max-width: 4032px) 100vw, 4032px\" \/>\t\t\t\t\t\t\n\t\t\t\t\t<\/div>\n\t\t\t\t\t\t\t\t\n<style>\n#image_452798503 {\n  width: 100%;\n}\n<\/style>\n\t<\/div>\n\t\n\t\t<\/div>\n\t\t\t\t\t<\/div>\n\n\t\n\n\t<div id=\"col-1793094041\" class=\"col medium-6 small-12 large-6\"  >\n\t\t\t\t<div class=\"col-inner\"  >\n\t\t\t\n\t\t\t\n<p style=\"text-align: left;\">A part of the production department is located at H\u00f6f\u00f0a 9 \u00e1 H\u00fasav\u00edk. We ship the parts that are built here to our main building for installation.<\/p>\n\t\t<\/div>\n\t\t\t\t\t<\/div>\n\n\t\n<\/div>\n<\/div><\/div><\/div>\n\t\t<\/div>\n\t\t\t\t\t<\/div>\n\n\t\n\n<style>\n#row-544712591 > .col > .col-inner {\n  padding: 40px 0px 0px 0px;\n}\n<\/style>\n<\/div>\n","protected":false},"excerpt":{"rendered":"","protected":false},"author":1,"featured_media":0,"parent":0,"menu_order":0,"comment_status":"closed","ping_status":"closed","template":"page-blank.php","meta":{"_mi_skip_tracking":false},"_links":{"self":[{"href":"https:\/\/curio.is\/en\/wp-json\/wp\/v2\/pages\/399"}],"collection":[{"href":"https:\/\/curio.is\/en\/wp-json\/wp\/v2\/pages"}],"about":[{"href":"https:\/\/curio.is\/en\/wp-json\/wp\/v2\/types\/page"}],"author":[{"embeddable":true,"href":"https:\/\/curio.is\/en\/wp-json\/wp\/v2\/users\/1"}],"replies":[{"embeddable":true,"href":"https:\/\/curio.is\/en\/wp-json\/wp\/v2\/comments?post=399"}],"version-history":[{"count":13,"href":"https:\/\/curio.is\/en\/wp-json\/wp\/v2\/pages\/399\/revisions"}],"predecessor-version":[{"id":11754,"href":"https:\/\/curio.is\/en\/wp-json\/wp\/v2\/pages\/399\/revisions\/11754"}],"wp:attachment":[{"href":"https:\/\/curio.is\/en\/wp-json\/wp\/v2\/media?parent=399"}],"curies":[{"name":"wp","href":"https:\/\/api.w.org\/{rel}","templated":true}]}}